{"id":9709,"date":"2024-12-02T13:06:20","date_gmt":"2024-12-02T12:06:20","guid":{"rendered":"https:\/\/eastlog.com\/transport-services\/"},"modified":"2025-03-04T06:58:53","modified_gmt":"2025-03-04T05:58:53","slug":"transport-services","status":"publish","type":"page","link":"https:\/\/eastlog.com\/de\/transport-services\/","title":{"rendered":"Transport Services"},"content":{"rendered":"\t\t<div data-elementor-type=\"wp-page\" data-elementor-id=\"9709\" class=\"elementor elementor-9709 elementor-9178\" data-elementor-post-type=\"page\">\n\t\t\t\t<div class=\"elementor-element elementor-element-78e41f76 e-con-full no-padding e-flex e-con e-parent\" data-id=\"78e41f76\" data-element_type=\"container\" data-e-type=\"container\">\n\t\t\t\t<div class=\"elementor-element elementor-element-6b3a6d0 elementor-widget elementor-widget-template\" data-id=\"6b3a6d0\" data-element_type=\"widget\" data-e-type=\"widget\" data-widget_type=\"template.default\">\n\t\t\t\t<div class=\"elementor-widget-container\">\n\t\t\t\t\t\t\t<div class=\"elementor-template\">\n\t\t\t\t\t<div data-elementor-type=\"container\" data-elementor-id=\"6563\" class=\"elementor elementor-6563\" data-elementor-post-type=\"elementor_library\">\n\t\t\t\t<div class=\"elementor-element elementor-element-6b499f1f e-con-full no-padding e-flex e-con e-parent\" data-id=\"6b499f1f\" data-element_type=\"container\" data-e-type=\"container\">\n\t\t\t\t<div class=\"elementor-element elementor-element-1ecbb66 elementor-widget elementor-widget-template\" data-id=\"1ecbb66\" data-element_type=\"widget\" data-e-type=\"widget\" data-widget_type=\"template.default\">\n\t\t\t\t<div class=\"elementor-widget-container\">\n\t\t\t\t\t\t\t<div class=\"elementor-template\">\n\t\t\t\t\t<div data-elementor-type=\"container\" data-elementor-id=\"6542\" class=\"elementor elementor-6542\" data-elementor-post-type=\"elementor_library\">\n\t\t\t\t<div class=\"elementor-element elementor-element-2bc4b5ab white e-flex e-con-boxed e-con e-parent\" data-id=\"2bc4b5ab\" data-element_type=\"container\" data-e-type=\"container\" data-settings=\"{&quot;background_background&quot;:&quot;classic&quot;}\">\n\t\t\t\t\t<div class=\"e-con-inner\">\n\t\t\t\t<div class=\"elementor-element elementor-element-462a5e2 elementor-align-center elementor-widget elementor-widget-button\" data-id=\"462a5e2\" data-element_type=\"widget\" data-e-type=\"widget\" data-widget_type=\"button.default\">\n\t\t\t\t<div class=\"elementor-widget-container\">\n\t\t\t\t\t\t\t\t\t<div class=\"elementor-button-wrapper\">\n\t\t\t\t\t<a class=\"elementor-button elementor-button-link elementor-size-sm\" href=\"https:\/\/eastlog.com\/kontakt\/\">\n\t\t\t\t\t\t<span class=\"elementor-button-content-wrapper\">\n\t\t\t\t\t\t\t\t\t<span class=\"elementor-button-text\">Request Transport Quote<\/span>\n\t\t\t\t\t<\/span>\n\t\t\t\t\t<\/a>\n\t\t\t\t<\/div>\n\t\t\t\t\t\t\t\t<\/div>\n\t\t\t\t<\/div>\n\t\t\t\t\t<\/div>\n\t\t\t\t<\/div>\n\t\t\t\t<\/div>\n\t\t\t\t<\/div>\n\t\t\t\t\t\t<\/div>\n\t\t\t\t<\/div>\n\t\t\t\t<\/div>\n\t\t\t\t<\/div>\n\t\t\t\t<\/div>\n\t\t\t\t\t\t<\/div>\n\t\t\t\t<\/div>\n\t\t\t\t<\/div>\n\t\t<div class=\"elementor-element elementor-element-13a7e07f e-flex e-con-boxed e-con e-parent\" data-id=\"13a7e07f\" data-element_type=\"container\" data-e-type=\"container\" id=\"vejtransport\">\n\t\t\t\t\t<div class=\"e-con-inner\">\n\t\t<div class=\"elementor-element elementor-element-a6905bc e-con-full e-flex e-con e-child\" data-id=\"a6905bc\" data-element_type=\"container\" data-e-type=\"container\">\n\t\t\t\t<div class=\"elementor-element elementor-element-7e3dfcb elementor-widget elementor-widget-heading\" data-id=\"7e3dfcb\" data-element_type=\"widget\" data-e-type=\"widget\" data-widget_type=\"heading.default\">\n\t\t\t\t<div class=\"elementor-widget-container\">\n\t\t\t\t\t<h3 class=\"elementor-heading-title elementor-size-default\">Strassentransport<\/h3>\t\t\t\t<\/div>\n\t\t\t\t<\/div>\n\t\t\t\t<div class=\"elementor-element elementor-element-733d0f1a elementor-widget-divider--view-line elementor-widget elementor-widget-divider\" data-id=\"733d0f1a\" data-element_type=\"widget\" data-e-type=\"widget\" data-widget_type=\"divider.default\">\n\t\t\t\t<div class=\"elementor-widget-container\">\n\t\t\t\t\t\t\t<div class=\"elementor-divider\">\n\t\t\t<span class=\"elementor-divider-separator\">\n\t\t\t\t\t\t<\/span>\n\t\t<\/div>\n\t\t\t\t\t\t<\/div>\n\t\t\t\t<\/div>\n\t\t\t\t<\/div>\n\t\t<div class=\"elementor-element elementor-element-130ab982 e-con-full e-flex e-con e-child\" data-id=\"130ab982\" data-element_type=\"container\" data-e-type=\"container\">\n\t\t\t\t<div class=\"elementor-element elementor-element-3c0e377 elementor-widget elementor-widget-text-editor\" data-id=\"3c0e377\" data-element_type=\"widget\" data-e-type=\"widget\" data-widget_type=\"text-editor.default\">\n\t\t\t\t<div class=\"elementor-widget-container\">\n\t\t\t\t\t\t\t\t\t<h4>Transportl\u00f6sungen von und nach Skandinavien und Europa<\/h4>\n<p>Mit langj\u00e4hriger Erfahrung und einem starken Netzwerk bieten wir flexible und zuverl\u00e4ssige Transportl\u00f6sungen sowohl f\u00fcr den Import als auch den Export von Waren. Von der Kleinteilladung bis zur Komplettladung, von temperaturempfindlichen G\u00fctern bis hin zu Gefahrg\u00fctern transportieren wir alles individuell nach Ihren W\u00fcnschen.<\/p>\n<h4>Transport in ganz Skandinavien<\/h4>\n<p>Wir sind t\u00e4glich in D\u00e4nemark, Schweden und Norwegen im Einsatz und bieten das ganze Jahr \u00fcber Transporte an \u2013 sogar bei anspruchsvollen Winterbedingungen mit Ausr\u00fcstung wie Winterreifen und Schneeketten. Unser Fuhrpark besteht aus P-Anh\u00e4ngern, Koffer- und Megatrailern mit modernster Ausstattung, darunter: einschlie\u00dflich:<\/p>\n<ul>\n<li>XL-Anh\u00e4nger mit Schiebedach<\/li>\n<li>ADR-Ausr\u00fcstung<\/li>\n<li>Kantenschoner und Antirutschmatten<\/li>\n<li>Spanngurte zur Ladungssicherung<\/li>\n<\/ul>\n<h4>Starke Pr\u00e4senz in Kontinental- und Osteuropa<\/h4>\n<p>Seit unserer Gr\u00fcndung im Jahr 2000 haben wir umfassendes Wissen und ein breites Netzwerk in Kontinental- und Osteuropa aufgebaut. Von fast allen L\u00e4ndern dieser Regionen fahren wir nach D\u00e4nemark, Schweden und Norwegen.<br \/>\nWir bieten Transportdienste zwischen Skandinavien und:<\/p>\n<ul>\n<li>Deutschland, Niederlande, Belgien, Luxemburg, Nordfrankreich<\/li>\n<li>Polen, \u00d6sterreich, Tschechische Republik, Ungarn und Slowakei<\/li>\n<\/ul>\n<h4>Strategische Knotenpunkte in Europa<\/h4>\n<p>Mit unserem B\u00fcro in Berlin wickeln wir seit 2004 t\u00e4gliche Transporte auf der Strecke zwischen UK und Deutschland\/Benelux ab.<\/p>\n<p>Von unserem Hub in D\u00fcsseldorf aus bieten wir w\u00f6chentliche Abfahrten, Expresslieferungen und Spezialtransporte wie Langgut und LKW mit Hebeb\u00fchne nach Finnland an.<\/p>\n<h4>Pers\u00f6nlicher Service und Flexibilit\u00e4t<\/h4>\n<p>Bei uns erhalten Sie eine pers\u00f6nliche Betreuung von Anfang bis Ende. W\u00e4hrend der gesamten Abwicklung begleitet derselbe Mitarbeiter Ihren Transport. Egal ob es um skandinavische Routen, Europatransporte oder \u00dcberseeeins\u00e4tze geht, wir sind Ihr zuverl\u00e4ssiger Partner.<\/p>\n<p>Kontaktieren Sie uns, um mehr dar\u00fcber zu erfahren, wie wir Sie bei Ihren Transportanforderungen unterst\u00fctzen k\u00f6nnen.<\/p>\n\t\t\t\t\t\t\t\t<\/div>\n\t\t\t\t<\/div>\n\t\t\t\t<\/div>\n\t\t\t\t\t<\/div>\n\t\t\t\t<\/div>\n\t\t<div class=\"elementor-element elementor-element-0bd8eef dark e-flex e-con-boxed e-con e-parent\" data-id=\"0bd8eef\" data-element_type=\"container\" data-e-type=\"container\" id=\"cross-trade\">\n\t\t\t\t\t<div class=\"e-con-inner\">\n\t\t<div class=\"elementor-element elementor-element-7d19147 e-con-full e-flex e-con e-child\" data-id=\"7d19147\" data-element_type=\"container\" data-e-type=\"container\">\n\t\t\t\t<div class=\"elementor-element elementor-element-074ea4e elementor-widget elementor-widget-heading\" data-id=\"074ea4e\" data-element_type=\"widget\" data-e-type=\"widget\" data-widget_type=\"heading.default\">\n\t\t\t\t<div class=\"elementor-widget-container\">\n\t\t\t\t\t<h3 class=\"elementor-heading-title elementor-size-default\">Cross Trade und Projektspedition<\/h3>\t\t\t\t<\/div>\n\t\t\t\t<\/div>\n\t\t\t\t<div class=\"elementor-element elementor-element-f24e371 elementor-widget-divider--view-line elementor-widget elementor-widget-divider\" data-id=\"f24e371\" data-element_type=\"widget\" data-e-type=\"widget\" data-widget_type=\"divider.default\">\n\t\t\t\t<div class=\"elementor-widget-container\">\n\t\t\t\t\t\t\t<div class=\"elementor-divider\">\n\t\t\t<span class=\"elementor-divider-separator\">\n\t\t\t\t\t\t<\/span>\n\t\t<\/div>\n\t\t\t\t\t\t<\/div>\n\t\t\t\t<\/div>\n\t\t\t\t<\/div>\n\t\t<div class=\"elementor-element elementor-element-00bfe3e e-con-full e-flex e-con e-child\" data-id=\"00bfe3e\" data-element_type=\"container\" data-e-type=\"container\">\n\t\t\t\t<div class=\"elementor-element elementor-element-7c0dc11 elementor-widget elementor-widget-text-editor\" data-id=\"7c0dc11\" data-element_type=\"widget\" data-e-type=\"widget\" data-widget_type=\"text-editor.default\">\n\t\t\t\t<div class=\"elementor-widget-container\">\n\t\t\t\t\t\t\t\t\t<h4>Cross Trade und Projektspedition \u2013 ma\u00dfgeschneiderte L\u00f6sungen f\u00fcr komplexe Anforderungen<\/h4>\n<p>Bei East Logistics bieten wir spezialisierte Dienstleistungen im Bereich Cross-Trade und Projektspedition an und gew\u00e4hrleisten flexible L\u00f6sungen f\u00fcr Ihre individuellen Transportanforderungen.<\/p>\n<h4>Projektweiterleitung<\/h4>\n<p>Wenn Sie einen Spezialtransport ben\u00f6tigen, steht Ihnen unsere erfahrene Projektabteilung gerne zur Verf\u00fcgung. Wir transportieren alles von \u00fcbergro\u00dfen G\u00fctern wie Schiffsbau- und Fabrikausr\u00fcstungen und Schwimmb\u00e4dern bis hin zu temperaturempfindlichen G\u00fctern wie Lebensmitteln, Blumenzwiebeln, Pflanzen, Stroh und Weihnachtsb\u00e4umen. Unser Team k\u00fcmmert sich um die Einholung der erforderlichen Genehmigungen und koordiniert den gesamten Ablauf, sodass Sie sicher sein k\u00f6nnen, dass Ihre Waren sicher und effizient transportiert werden.<\/p>\n<h4>Cross Trade \u2013 Transporte zwischen Drittl\u00e4ndern<\/h4>\n<p>Wir wickeln t\u00e4glich Cross-Trade-Sendungen f\u00fcr Kunden auf der ganzen Welt ab, sei es auf der Stra\u00dfe, dem Seeweg oder in der Luft. Innerhalb Europas decken wir Transporte zwischen fast allen L\u00e4ndern ab, darunter:<\/p>\n<ul>\n<li>Albanien, Bulgarien, Bosnien, Serbien und Rum\u00e4nien<\/li>\n<li>Deutschland, Frankreich, Niederlande, Spanien und Italien<\/li>\n<li>Skandinavien, Baltikum, Polen und \u00d6sterreich<\/li>\n<li>T\u00fcrkei, Griechenland, Georgien, Schweiz und viele mehr<\/li>\n<\/ul>\n<p>Unsere Cross-Trade-Experten sorgen daf\u00fcr, dass Ihr Transportplan auf Ihre Bed\u00fcrfnisse zugeschnitten ist, egal wohin auf der Welt Ihre Waren gehen. Kontaktieren Sie uns, um mehr dar\u00fcber zu erfahren, wie wir Ihre Cross-Trade- und Projekttransporte einfach und problemlos gestalten k\u00f6nnen.<\/p>\n\t\t\t\t\t\t\t\t<\/div>\n\t\t\t\t<\/div>\n\t\t\t\t<\/div>\n\t\t\t\t\t<\/div>\n\t\t\t\t<\/div>\n\t\t<div class=\"elementor-element elementor-element-3a5f8cf e-flex e-con-boxed e-con e-parent\" data-id=\"3a5f8cf\" data-element_type=\"container\" data-e-type=\"container\" id=\"sofragt-og-luftfragt\">\n\t\t\t\t\t<div class=\"e-con-inner\">\n\t\t<div class=\"elementor-element elementor-element-d79291a e-con-full e-flex e-con e-child\" data-id=\"d79291a\" data-element_type=\"container\" data-e-type=\"container\">\n\t\t\t\t<div class=\"elementor-element elementor-element-767aeb3 elementor-widget elementor-widget-heading\" data-id=\"767aeb3\" data-element_type=\"widget\" data-e-type=\"widget\" data-widget_type=\"heading.default\">\n\t\t\t\t<div class=\"elementor-widget-container\">\n\t\t\t\t\t<h3 class=\"elementor-heading-title elementor-size-default\">Seefracht und Luftfracht<\/h3>\t\t\t\t<\/div>\n\t\t\t\t<\/div>\n\t\t\t\t<div class=\"elementor-element elementor-element-a1f3180 elementor-widget-divider--view-line elementor-widget elementor-widget-divider\" data-id=\"a1f3180\" data-element_type=\"widget\" data-e-type=\"widget\" data-widget_type=\"divider.default\">\n\t\t\t\t<div class=\"elementor-widget-container\">\n\t\t\t\t\t\t\t<div class=\"elementor-divider\">\n\t\t\t<span class=\"elementor-divider-separator\">\n\t\t\t\t\t\t<\/span>\n\t\t<\/div>\n\t\t\t\t\t\t<\/div>\n\t\t\t\t<\/div>\n\t\t\t\t<\/div>\n\t\t<div class=\"elementor-element elementor-element-254b3fe e-con-full e-flex e-con e-child\" data-id=\"254b3fe\" data-element_type=\"container\" data-e-type=\"container\">\n\t\t\t\t<div class=\"elementor-element elementor-element-1c54fb3 elementor-widget elementor-widget-text-editor\" data-id=\"1c54fb3\" data-element_type=\"widget\" data-e-type=\"widget\" data-widget_type=\"text-editor.default\">\n\t\t\t\t<div class=\"elementor-widget-container\">\n\t\t\t\t\t\t\t\t\t<h4>Seefracht und Luftfracht \u2013 Effiziente L\u00f6sungen f\u00fcr Ihre Bed\u00fcrfnisse<\/h4>\n<p>Wir wickeln t\u00e4glich \u00dcberseesendungen per Seefracht, Luftfracht und Kurier ab. Mit unserer umfassenden Erfahrung und unserem starken globalen Netzwerk, das \u00fcber 180 L\u00e4nder abdeckt, stellen wir sicher, dass Ihre Sendung von den richtigen Partnern bearbeitet wird. Bei uns erhalten Sie eine pers\u00f6nliche Betreuung \u2013 von Anfang bis Ende betreut Sie immer derselbe Mitarbeiter.<\/p>\n<h4>Seefracht<\/h4>\n<p>Wir bieten sowohl Sendungen mit weniger als einem halben Container (LCL) als auch mit ganzen Containern (FCL) f\u00fcr den Import und Export an. Wir \u00fcbernehmen unter anderem: Lebensmittel, temperaturempfindliche G\u00fcter, Gefahrg\u00fcter (DGR) und normale G\u00fcter basierend auf Incoterms. Wir bieten auch Cross-Trade-L\u00f6sungen an, zB Transporte zwischen den USA und Polen.<\/p>\n<h4>Luftfracht<\/h4>\n<p>Unsere Luftfrachtl\u00f6sungen umfassen Sendungen aller Gr\u00f6\u00dfen, einschlie\u00dflich lebende Tiere, Gefahrgut (DGR), temperaturempfindliche G\u00fcter und normale G\u00fcter. Auch Drittlandtransporte, beispielsweise zwischen China und Deutschland, k\u00f6nnen wir Ihnen individuell auf Ihre Bed\u00fcrfnisse zugeschnitten anbieten. Mit unserer Expertise und unserem globalen Netzwerk erhalten Sie wettbewerbsf\u00e4hige und ma\u00dfgeschneiderte L\u00f6sungen f\u00fcr alle Arten von \u00dcberseetransporten. Kontaktieren Sie uns, um mehr zu erfahren.<\/p>\n\t\t\t\t\t\t\t\t<\/div>\n\t\t\t\t<\/div>\n\t\t\t\t<\/div>\n\t\t\t\t\t<\/div>\n\t\t\t\t<\/div>\n\t\t<div class=\"elementor-element elementor-element-a6bac16 e-con-full e-flex e-con e-parent\" data-id=\"a6bac16\" data-element_type=\"container\" data-e-type=\"container\">\n\t\t\t\t<div class=\"elementor-element elementor-element-27731f7 elementor-widget elementor-widget-template\" data-id=\"27731f7\" data-element_type=\"widget\" data-e-type=\"widget\" data-widget_type=\"template.default\">\n\t\t\t\t<div class=\"elementor-widget-container\">\n\t\t\t\t\t\t\t<div class=\"elementor-template\">\n\t\t\t\t\t<div data-elementor-type=\"container\" data-elementor-id=\"9358\" class=\"elementor elementor-9358\" data-elementor-post-type=\"elementor_library\">\n\t\t\t\t<div class=\"elementor-element elementor-element-71349688 e-con-full no-padding e-flex e-con e-parent\" data-id=\"71349688\" data-element_type=\"container\" data-e-type=\"container\">\n\t\t\t\t<div class=\"elementor-element elementor-element-7c141a27 elementor-widget elementor-widget-template\" data-id=\"7c141a27\" data-element_type=\"widget\" data-e-type=\"widget\" data-widget_type=\"template.default\">\n\t\t\t\t<div class=\"elementor-widget-container\">\n\t\t\t\t\t\t\t<div class=\"elementor-template\">\n\t\t\t\t\t<div data-elementor-type=\"container\" data-elementor-id=\"9684\" class=\"elementor elementor-9684 elementor-5165\" data-elementor-post-type=\"elementor_library\">\n\t\t\t\t<div class=\"elementor-element elementor-element-293089d overlay white e-flex e-con-boxed e-con e-parent\" data-id=\"293089d\" data-element_type=\"container\" data-e-type=\"container\" data-settings=\"{&quot;background_background&quot;:&quot;classic&quot;}\">\n\t\t\t\t\t<div class=\"e-con-inner\">\n\t\t\t\t<div class=\"elementor-element elementor-element-823bcac elementor-widget elementor-widget-heading\" data-id=\"823bcac\" data-element_type=\"widget\" data-e-type=\"widget\" data-widget_type=\"heading.default\">\n\t\t\t\t<div class=\"elementor-widget-container\">\n\t\t\t\t\t<h3 class=\"elementor-heading-title elementor-size-default\">Haben Sie ein spezielles Transportanliegen?<\/h3>\t\t\t\t<\/div>\n\t\t\t\t<\/div>\n\t\t\t\t<div class=\"elementor-element elementor-element-cb9870c elementor-widget__width-initial elementor-widget elementor-widget-text-editor\" data-id=\"cb9870c\" data-element_type=\"widget\" data-e-type=\"widget\" data-widget_type=\"text-editor.default\">\n\t\t\t\t<div class=\"elementor-widget-container\">\n\t\t\t\t\t\t\t\t\t<p><strong>Dann rufen Sie uns an unter <a href=\"tel:+45 54 84 55 00\" aria-label=\"Telefon nummer\">+45 54 84 55 00<\/a><\/strong><\/p>\n\t\t\t\t\t\t\t\t<\/div>\n\t\t\t\t<\/div>\n\t\t\t\t\t<\/div>\n\t\t\t\t<\/div>\n\t\t\t\t<\/div>\n\t\t\t\t<\/div>\n\t\t\t\t\t\t<\/div>\n\t\t\t\t<\/div>\n\t\t\t\t<\/div>\n\t\t\t\t<\/div>\n\t\t\t\t<\/div>\n\t\t\t\t\t\t<\/div>\n\t\t\t\t<\/div>\n\t\t\t\t<\/div>\n\t\t\t\t<\/div>\n\t\t","protected":false},"excerpt":{"rendered":"<p>Strassentransport Transportl\u00f6sungen von und nach Skandinavien und Europa Mit langj\u00e4hriger Erfahrung und einem starken Netzwerk bieten wir flexible und zuverl\u00e4ssige Transportl\u00f6sungen sowohl f\u00fcr den Import als auch den Export von Waren. Von der Kleinteilladung bis zur Komplettladung, von temperaturempfindlichen G\u00fctern bis hin zu Gefahrg\u00fctern transportieren wir alles individuell nach Ihren W\u00fcnschen. Transport in ganz Skandinavien &#8230; <a title=\"Transport Services\" class=\"read-more\" href=\"https:\/\/eastlog.com\/de\/transport-services\/\" aria-label=\"Mehr Informationen \u00fcber Transport Services\">Weiterlesen &#8230;<\/a><\/p>\n","protected":false},"author":5,"featured_media":0,"parent":0,"menu_order":1000,"comment_status":"closed","ping_status":"closed","template":"","meta":{"_acf_changed":false,"footnotes":""},"categories":[],"class_list":["post-9709","page","type-page","status-publish"],"acf":[],"yoast_head":"<!-- This site is optimized with the Yoast SEO plugin v26.8 - https:\/\/yoast.com\/product\/yoast-seo-wordpress\/ -->\n<title>Transport Services | East Logistics ApS<\/title>\n<meta name=\"robots\" content=\"index, follow, max-snippet:-1, max-image-preview:large, max-video-preview:-1\" \/>\n<link rel=\"canonical\" href=\"https:\/\/eastlog.com\/de\/transport-services\/\" \/>\n<meta property=\"og:locale\" content=\"de_DE\" \/>\n<meta property=\"og:type\" content=\"article\" \/>\n<meta property=\"og:title\" content=\"Transport Services | East Logistics ApS\" \/>\n<meta property=\"og:description\" content=\"Strassentransport Transportl\u00f6sungen von und nach Skandinavien und Europa Mit langj\u00e4hriger Erfahrung und einem starken Netzwerk bieten wir flexible und zuverl\u00e4ssige Transportl\u00f6sungen sowohl f\u00fcr den Import als auch den Export von Waren. Von der Kleinteilladung bis zur Komplettladung, von temperaturempfindlichen G\u00fctern bis hin zu Gefahrg\u00fctern transportieren wir alles individuell nach Ihren W\u00fcnschen. Transport in ganz Skandinavien ... Weiterlesen ...\" \/>\n<meta property=\"og:url\" content=\"https:\/\/eastlog.com\/de\/transport-services\/\" \/>\n<meta property=\"og:site_name\" content=\"East Logistics ApS\" \/>\n<meta property=\"article:modified_time\" content=\"2025-03-04T05:58:53+00:00\" \/>\n<meta name=\"twitter:card\" content=\"summary_large_image\" \/>\n<meta name=\"twitter:label1\" content=\"Gesch\u00e4tzte Lesezeit\" \/>\n\t<meta name=\"twitter:data1\" content=\"4\u00a0Minuten\" \/>\n<script type=\"application\/ld+json\" class=\"yoast-schema-graph\">{\"@context\":\"https:\/\/schema.org\",\"@graph\":[{\"@type\":\"WebPage\",\"@id\":\"https:\/\/eastlog.com\/de\/transport-services\/\",\"url\":\"https:\/\/eastlog.com\/de\/transport-services\/\",\"name\":\"Transport Services | East Logistics ApS\",\"isPartOf\":{\"@id\":\"https:\/\/eastlog.com\/de\/#website\"},\"datePublished\":\"2024-12-02T12:06:20+00:00\",\"dateModified\":\"2025-03-04T05:58:53+00:00\",\"breadcrumb\":{\"@id\":\"https:\/\/eastlog.com\/de\/transport-services\/#breadcrumb\"},\"inLanguage\":\"de\",\"potentialAction\":[{\"@type\":\"ReadAction\",\"target\":[\"https:\/\/eastlog.com\/de\/transport-services\/\"]}]},{\"@type\":\"BreadcrumbList\",\"@id\":\"https:\/\/eastlog.com\/de\/transport-services\/#breadcrumb\",\"itemListElement\":[{\"@type\":\"ListItem\",\"position\":1,\"name\":\"Forside\",\"item\":\"https:\/\/eastlog.com\/de\/\"},{\"@type\":\"ListItem\",\"position\":2,\"name\":\"Transport Services\"}]},{\"@type\":\"WebSite\",\"@id\":\"https:\/\/eastlog.com\/de\/#website\",\"url\":\"https:\/\/eastlog.com\/de\/\",\"name\":\"East Logistics ApS\",\"description\":\"Spediteur, Spedition, Stra\u00dfentransport und G\u00fcterverkehr\",\"publisher\":{\"@id\":\"https:\/\/eastlog.com\/de\/#organization\"},\"potentialAction\":[{\"@type\":\"SearchAction\",\"target\":{\"@type\":\"EntryPoint\",\"urlTemplate\":\"https:\/\/eastlog.com\/de\/?s={search_term_string}\"},\"query-input\":{\"@type\":\"PropertyValueSpecification\",\"valueRequired\":true,\"valueName\":\"search_term_string\"}}],\"inLanguage\":\"de\"},{\"@type\":\"Organization\",\"@id\":\"https:\/\/eastlog.com\/de\/#organization\",\"name\":\"East Logistics ApS\",\"url\":\"https:\/\/eastlog.com\/de\/\",\"logo\":{\"@type\":\"ImageObject\",\"inLanguage\":\"de\",\"@id\":\"https:\/\/eastlog.com\/de\/#\/schema\/logo\/image\/\",\"url\":\"https:\/\/eastlog.com\/wp-content\/uploads\/2024\/12\/logo.svg\",\"contentUrl\":\"https:\/\/eastlog.com\/wp-content\/uploads\/2024\/12\/logo.svg\",\"width\":743,\"height\":68,\"caption\":\"East Logistics ApS\"},\"image\":{\"@id\":\"https:\/\/eastlog.com\/de\/#\/schema\/logo\/image\/\"}}]}<\/script>\n<!-- \/ Yoast SEO plugin. -->","yoast_head_json":{"title":"Transport Services | East Logistics ApS","robots":{"index":"index","follow":"follow","max-snippet":"max-snippet:-1","max-image-preview":"max-image-preview:large","max-video-preview":"max-video-preview:-1"},"canonical":"https:\/\/eastlog.com\/de\/transport-services\/","og_locale":"de_DE","og_type":"article","og_title":"Transport Services | East Logistics ApS","og_description":"Strassentransport Transportl\u00f6sungen von und nach Skandinavien und Europa Mit langj\u00e4hriger Erfahrung und einem starken Netzwerk bieten wir flexible und zuverl\u00e4ssige Transportl\u00f6sungen sowohl f\u00fcr den Import als auch den Export von Waren. Von der Kleinteilladung bis zur Komplettladung, von temperaturempfindlichen G\u00fctern bis hin zu Gefahrg\u00fctern transportieren wir alles individuell nach Ihren W\u00fcnschen. Transport in ganz Skandinavien ... Weiterlesen ...","og_url":"https:\/\/eastlog.com\/de\/transport-services\/","og_site_name":"East Logistics ApS","article_modified_time":"2025-03-04T05:58:53+00:00","twitter_card":"summary_large_image","twitter_misc":{"Gesch\u00e4tzte Lesezeit":"4\u00a0Minuten"},"schema":{"@context":"https:\/\/schema.org","@graph":[{"@type":"WebPage","@id":"https:\/\/eastlog.com\/de\/transport-services\/","url":"https:\/\/eastlog.com\/de\/transport-services\/","name":"Transport Services | East Logistics ApS","isPartOf":{"@id":"https:\/\/eastlog.com\/de\/#website"},"datePublished":"2024-12-02T12:06:20+00:00","dateModified":"2025-03-04T05:58:53+00:00","breadcrumb":{"@id":"https:\/\/eastlog.com\/de\/transport-services\/#breadcrumb"},"inLanguage":"de","potentialAction":[{"@type":"ReadAction","target":["https:\/\/eastlog.com\/de\/transport-services\/"]}]},{"@type":"BreadcrumbList","@id":"https:\/\/eastlog.com\/de\/transport-services\/#breadcrumb","itemListElement":[{"@type":"ListItem","position":1,"name":"Forside","item":"https:\/\/eastlog.com\/de\/"},{"@type":"ListItem","position":2,"name":"Transport Services"}]},{"@type":"WebSite","@id":"https:\/\/eastlog.com\/de\/#website","url":"https:\/\/eastlog.com\/de\/","name":"East Logistics ApS","description":"Spediteur, Spedition, Stra\u00dfentransport und G\u00fcterverkehr","publisher":{"@id":"https:\/\/eastlog.com\/de\/#organization"},"potentialAction":[{"@type":"SearchAction","target":{"@type":"EntryPoint","urlTemplate":"https:\/\/eastlog.com\/de\/?s={search_term_string}"},"query-input":{"@type":"PropertyValueSpecification","valueRequired":true,"valueName":"search_term_string"}}],"inLanguage":"de"},{"@type":"Organization","@id":"https:\/\/eastlog.com\/de\/#organization","name":"East Logistics ApS","url":"https:\/\/eastlog.com\/de\/","logo":{"@type":"ImageObject","inLanguage":"de","@id":"https:\/\/eastlog.com\/de\/#\/schema\/logo\/image\/","url":"https:\/\/eastlog.com\/wp-content\/uploads\/2024\/12\/logo.svg","contentUrl":"https:\/\/eastlog.com\/wp-content\/uploads\/2024\/12\/logo.svg","width":743,"height":68,"caption":"East Logistics ApS"},"image":{"@id":"https:\/\/eastlog.com\/de\/#\/schema\/logo\/image\/"}}]}},"_links":{"self":[{"href":"https:\/\/eastlog.com\/de\/wp-json\/wp\/v2\/pages\/9709","targetHints":{"allow":["GET"]}}],"collection":[{"href":"https:\/\/eastlog.com\/de\/wp-json\/wp\/v2\/pages"}],"about":[{"href":"https:\/\/eastlog.com\/de\/wp-json\/wp\/v2\/types\/page"}],"author":[{"embeddable":true,"href":"https:\/\/eastlog.com\/de\/wp-json\/wp\/v2\/users\/5"}],"replies":[{"embeddable":true,"href":"https:\/\/eastlog.com\/de\/wp-json\/wp\/v2\/comments?post=9709"}],"version-history":[{"count":1,"href":"https:\/\/eastlog.com\/de\/wp-json\/wp\/v2\/pages\/9709\/revisions"}],"predecessor-version":[{"id":9710,"href":"https:\/\/eastlog.com\/de\/wp-json\/wp\/v2\/pages\/9709\/revisions\/9710"}],"wp:attachment":[{"href":"https:\/\/eastlog.com\/de\/wp-json\/wp\/v2\/media?parent=9709"}],"wp:term":[{"taxonomy":"category","embeddable":true,"href":"https:\/\/eastlog.com\/de\/wp-json\/wp\/v2\/categories?post=9709"}],"curies":[{"name":"wp","href":"https:\/\/api.w.org\/{rel}","templated":true}]}}