{"id":9707,"date":"2020-02-12T08:51:30","date_gmt":"2020-02-12T07:51:30","guid":{"rendered":"https:\/\/eastlog.com\/startseite\/"},"modified":"2025-03-04T06:57:25","modified_gmt":"2025-03-04T05:57:25","slug":"startseite","status":"publish","type":"page","link":"https:\/\/eastlog.com\/de\/","title":{"rendered":"Startseite"},"content":{"rendered":"\t\t<div data-elementor-type=\"wp-page\" data-elementor-id=\"9707\" class=\"elementor elementor-9707 elementor-15\" data-elementor-post-type=\"page\">\n\t\t\t\t<div class=\"elementor-element elementor-element-5ca41e02 hero white elementor-hidden-desktop elementor-hidden-laptop elementor-hidden-tablet e-flex e-con-boxed e-con e-parent\" data-id=\"5ca41e02\" data-element_type=\"container\" data-e-type=\"container\" data-settings=\"{&quot;background_background&quot;:&quot;classic&quot;}\">\n\t\t\t\t\t<div class=\"e-con-inner\">\n\t\t\t\t<div class=\"elementor-element elementor-element-4794fb18 elementor-widget-mobile__width-inherit elementor-widget elementor-widget-heading\" data-id=\"4794fb18\" data-element_type=\"widget\" data-e-type=\"widget\" data-widget_type=\"heading.default\">\n\t\t\t\t<div class=\"elementor-widget-container\">\n\t\t\t\t\t<h1 class=\"elementor-heading-title elementor-size-default\">Spediteur, Spedition, Stra\u00dfentransport und G\u00fcterverkehr<\/h1>\t\t\t\t<\/div>\n\t\t\t\t<\/div>\n\t\t\t\t\t<\/div>\n\t\t\t\t<\/div>\n\t\t<div class=\"elementor-element elementor-element-13c7c180 hero white elementor-hidden-mobile e-flex e-con-boxed e-con e-parent\" data-id=\"13c7c180\" data-element_type=\"container\" data-e-type=\"container\" data-settings=\"{&quot;background_background&quot;:&quot;slideshow&quot;,&quot;background_slideshow_gallery&quot;:[{&quot;id&quot;:9196,&quot;url&quot;:&quot;https:\\\/\\\/eastlog.com\\\/wp-content\\\/uploads\\\/2024\\\/12\\\/EL_Forside_optimzed.jpg&quot;},{&quot;id&quot;:9195,&quot;url&quot;:&quot;https:\\\/\\\/eastlog.com\\\/wp-content\\\/uploads\\\/2024\\\/12\\\/EL_Kontakt_optimizedFull-scaled.jpg&quot;},{&quot;id&quot;:9197,&quot;url&quot;:&quot;https:\\\/\\\/eastlog.com\\\/wp-content\\\/uploads\\\/2024\\\/12\\\/EL_Eastlog_optimized-scaled.jpg&quot;}],&quot;background_slideshow_transition_duration&quot;:1000,&quot;background_slideshow_ken_burns&quot;:&quot;yes&quot;,&quot;background_slideshow_loop&quot;:&quot;yes&quot;,&quot;background_slideshow_slide_duration&quot;:5000,&quot;background_slideshow_slide_transition&quot;:&quot;fade&quot;,&quot;background_slideshow_ken_burns_zoom_direction&quot;:&quot;in&quot;}\">\n\t\t\t\t\t<div class=\"e-con-inner\">\n\t\t\t\t<div class=\"elementor-element elementor-element-5b6cf3ff elementor-widget__width-inherit elementor-invisible elementor-widget elementor-widget-heading\" data-id=\"5b6cf3ff\" data-element_type=\"widget\" data-e-type=\"widget\" data-settings=\"{&quot;_animation&quot;:&quot;fadeIn&quot;,&quot;_animation_delay&quot;:200}\" data-widget_type=\"heading.default\">\n\t\t\t\t<div class=\"elementor-widget-container\">\n\t\t\t\t\t<p class=\"elementor-heading-title elementor-size-default\">East Logistics ApS<\/p>\t\t\t\t<\/div>\n\t\t\t\t<\/div>\n\t\t\t\t<div class=\"elementor-element elementor-element-15e030e elementor-widget__width-inherit elementor-invisible elementor-widget elementor-widget-heading\" data-id=\"15e030e\" data-element_type=\"widget\" data-e-type=\"widget\" data-settings=\"{&quot;_animation&quot;:&quot;fadeIn&quot;,&quot;_animation_delay&quot;:400}\" data-widget_type=\"heading.default\">\n\t\t\t\t<div class=\"elementor-widget-container\">\n\t\t\t\t\t<h1 class=\"elementor-heading-title elementor-size-default\">Spediteur, Spedition, Stra\u00dfentransport und G\u00fcterverkehr<\/h1>\t\t\t\t<\/div>\n\t\t\t\t<\/div>\n\t\t\t\t\t<\/div>\n\t\t\t\t<\/div>\n\t\t<div class=\"elementor-element elementor-element-2db5918f dark e-flex e-con-boxed e-con e-parent\" data-id=\"2db5918f\" data-element_type=\"container\" data-e-type=\"container\" data-settings=\"{&quot;background_background&quot;:&quot;classic&quot;}\">\n\t\t\t\t\t<div class=\"e-con-inner\">\n\t\t\t\t<div class=\"elementor-element elementor-element-79f6d60d elementor-widget elementor-widget-text-editor\" data-id=\"79f6d60d\" data-element_type=\"widget\" data-e-type=\"widget\" data-widget_type=\"text-editor.default\">\n\t\t\t\t<div class=\"elementor-widget-container\">\n\t\t\t\t\t\t\t\t\t<h2 style=\"text-align: center;\">Wir bringen Ihre G\u00fcter von A nach B sicher und termingerecht<\/h2>\n<p style=\"text-align: center;\">Rufen Sie uns an unter <a href=\"tel:+45 54 84 55 00\" aria-label=\"Telefon nummer\">+45 54 84 55 00<\/a><\/p>\n\t\t\t\t\t\t\t\t<\/div>\n\t\t\t\t<\/div>\n\t\t\t\t\t<\/div>\n\t\t\t\t<\/div>\n\t\t<div class=\"elementor-element elementor-element-70f8db09 e-flex e-con-boxed e-con e-parent\" data-id=\"70f8db09\" data-element_type=\"container\" data-e-type=\"container\">\n\t\t\t\t\t<div class=\"e-con-inner\">\n\t\t<div class=\"elementor-element elementor-element-5dd19873 e-con-full e-flex e-con e-child\" data-id=\"5dd19873\" data-element_type=\"container\" data-e-type=\"container\">\n\t\t\t\t<div class=\"elementor-element elementor-element-167e81af elementor-widget__width-initial elementor-widget elementor-widget-text-editor\" data-id=\"167e81af\" data-element_type=\"widget\" data-e-type=\"widget\" data-widget_type=\"text-editor.default\">\n\t\t\t\t<div class=\"elementor-widget-container\">\n\t\t\t\t\t\t\t\t\t<h3 style=\"text-align: center;\">Was k\u00f6nnen wir anbieten?<\/h3>\n<p style=\"text-align: center;\">Erfahren Sie hier mehr dar\u00fcber, was wir f\u00fcr Sie tun k\u00f6nnen.<\/p>\n\t\t\t\t\t\t\t\t<\/div>\n\t\t\t\t<\/div>\n\t\t\t\t<\/div>\n\t\t<div class=\"elementor-element elementor-element-6a495b8d e-con-full e-flex e-con e-child\" data-id=\"6a495b8d\" data-element_type=\"container\" data-e-type=\"container\">\n\t\t\t\t<div class=\"elementor-element elementor-element-10f763e elementor-widget__width-inherit elementor-cta--valign-middle elementor-cta--skin-classic elementor-animated-content elementor-widget elementor-widget-call-to-action\" data-id=\"10f763e\" data-element_type=\"widget\" data-e-type=\"widget\" data-widget_type=\"call-to-action.default\">\n\t\t\t\t<div class=\"elementor-widget-container\">\n\t\t\t\t\t\t\t<a class=\"elementor-cta\" href=\"https:\/\/eastlog.com\/transport-services\/\">\n\t\t\t\t\t\t\t<div class=\"elementor-cta__content\">\n\t\t\t\t\t\t\t\t\t<div class=\"elementor-content-item elementor-cta__content-item elementor-cta__image\">\n\t\t\t\t\t\t<img decoding=\"async\" width=\"280\" height=\"141\" src=\"https:\/\/eastlog.com\/wp-content\/uploads\/2024\/12\/EL_Lastbil_optimized.png\" class=\"attachment-full size-full wp-image-9481\" alt=\"\" \/>\t\t\t\t\t<\/div>\n\t\t\t\t\n\t\t\t\t\t\t\t\t\t<h3 class=\"elementor-cta__title elementor-cta__content-item elementor-content-item\">\n\t\t\t\t\t\tStrassentransport\t\t\t\t\t<\/h3>\n\t\t\t\t\n\t\t\t\t\t\t\t\t\t<span class=\"elementor-cta__description elementor-cta__content-item elementor-content-item\">\n\t\t\t\t\t\t<p>Wir sichern Ihnen einen termingerechten Transport.<\/p>\n\t\t\t\t\t<\/span>\n\t\t\t\t\n\t\t\t\t\t\t\t<\/div>\n\t\t\t\t\t\t<\/a>\n\t\t\t\t\t\t<\/div>\n\t\t\t\t<\/div>\n\t\t\t\t<\/div>\n\t\t<div class=\"elementor-element elementor-element-9189bdb e-con-full e-flex e-con e-child\" data-id=\"9189bdb\" data-element_type=\"container\" data-e-type=\"container\">\n\t\t\t\t<div class=\"elementor-element elementor-element-7c45098 elementor-widget__width-inherit elementor-cta--valign-middle elementor-cta--skin-classic elementor-animated-content elementor-widget elementor-widget-call-to-action\" data-id=\"7c45098\" data-element_type=\"widget\" data-e-type=\"widget\" data-widget_type=\"call-to-action.default\">\n\t\t\t\t<div class=\"elementor-widget-container\">\n\t\t\t\t\t\t\t<a class=\"elementor-cta\" href=\"https:\/\/eastlog.com\/transport-services\/#cross-trade\">\n\t\t\t\t\t\t\t<div class=\"elementor-cta__content\">\n\t\t\t\t\t\t\t\t\t<div class=\"elementor-content-item elementor-cta__content-item elementor-cta__image\">\n\t\t\t\t\t\t<img decoding=\"async\" width=\"280\" height=\"141\" src=\"https:\/\/eastlog.com\/wp-content\/uploads\/2024\/12\/EL_Skib_optimized.png\" class=\"attachment-full size-full wp-image-9479\" alt=\"\" \/>\t\t\t\t\t<\/div>\n\t\t\t\t\n\t\t\t\t\t\t\t\t\t<h3 class=\"elementor-cta__title elementor-cta__content-item elementor-content-item\">\n\t\t\t\t\t\tCross Trade und Projekt\t\t\t\t\t<\/h3>\n\t\t\t\t\n\t\t\t\t\t\t\t\t\t<span class=\"elementor-cta__description elementor-cta__content-item elementor-content-item\">\n\t\t\t\t\t\t<p>Ma\u00dfgeschneiderte L\u00f6sungen f\u00fcr komplexe Anforderungen.<\/p>\n\t\t\t\t\t<\/span>\n\t\t\t\t\n\t\t\t\t\t\t\t<\/div>\n\t\t\t\t\t\t<\/a>\n\t\t\t\t\t\t<\/div>\n\t\t\t\t<\/div>\n\t\t\t\t<\/div>\n\t\t<div class=\"elementor-element elementor-element-4df1d9a9 e-con-full e-flex e-con e-child\" data-id=\"4df1d9a9\" data-element_type=\"container\" data-e-type=\"container\">\n\t\t\t\t<div class=\"elementor-element elementor-element-39f3365 elementor-widget__width-inherit elementor-cta--valign-middle elementor-cta--skin-classic elementor-animated-content elementor-widget elementor-widget-call-to-action\" data-id=\"39f3365\" data-element_type=\"widget\" data-e-type=\"widget\" data-widget_type=\"call-to-action.default\">\n\t\t\t\t<div class=\"elementor-widget-container\">\n\t\t\t\t\t\t\t<a class=\"elementor-cta\" href=\"https:\/\/eastlog.com\/transport-services\/#sofragt-og-luftfragt\">\n\t\t\t\t\t\t\t<div class=\"elementor-cta__content\">\n\t\t\t\t\t\t\t\t\t<div class=\"elementor-content-item elementor-cta__content-item elementor-cta__image\">\n\t\t\t\t\t\t<img decoding=\"async\" width=\"280\" height=\"141\" src=\"https:\/\/eastlog.com\/wp-content\/uploads\/2024\/12\/EL_Fly_optimized.png\" class=\"attachment-full size-full wp-image-9477\" alt=\"\" \/>\t\t\t\t\t<\/div>\n\t\t\t\t\n\t\t\t\t\t\t\t\t\t<h3 class=\"elementor-cta__title elementor-cta__content-item elementor-content-item\">\n\t\t\t\t\t\tSeefracht und Luftfracht\t\t\t\t\t<\/h3>\n\t\t\t\t\n\t\t\t\t\t\t\t\t\t<span class=\"elementor-cta__description elementor-cta__content-item elementor-content-item\">\n\t\t\t\t\t\t<p>Wir verfolgen Ihren Transport von Anfang bis Ende.<\/p>\n\t\t\t\t\t<\/span>\n\t\t\t\t\n\t\t\t\t\t\t\t<\/div>\n\t\t\t\t\t\t<\/a>\n\t\t\t\t\t\t<\/div>\n\t\t\t\t<\/div>\n\t\t\t\t<\/div>\n\t\t<div class=\"elementor-element elementor-element-2228adf e-con-full e-flex e-con e-child\" data-id=\"2228adf\" data-element_type=\"container\" data-e-type=\"container\">\n\t\t\t\t<div class=\"elementor-element elementor-element-0b7ec31 elementor-widget__width-inherit elementor-cta--valign-middle elementor-cta--skin-classic elementor-animated-content elementor-widget elementor-widget-call-to-action\" data-id=\"0b7ec31\" data-element_type=\"widget\" data-e-type=\"widget\" data-widget_type=\"call-to-action.default\">\n\t\t\t\t<div class=\"elementor-widget-container\">\n\t\t\t\t\t\t\t<a class=\"elementor-cta\" href=\"http:\/\/bookeastlog.com\/\" target=\"_blank\">\n\t\t\t\t\t\t\t<div class=\"elementor-cta__content\">\n\t\t\t\t\t\t\t\t\t<div class=\"elementor-content-item elementor-cta__content-item elementor-cta__image\">\n\t\t\t\t\t\t<img loading=\"lazy\" decoding=\"async\" width=\"121\" height=\"46\" src=\"https:\/\/eastlog.com\/wp-content\/uploads\/2024\/12\/icon-blue.svg\" class=\"attachment-full size-full wp-image-9574\" alt=\"\" \/>\t\t\t\t\t<\/div>\n\t\t\t\t\n\t\t\t\t\t\t\t\t\t<h3 class=\"elementor-cta__title elementor-cta__content-item elementor-content-item\">\n\t\t\t\t\t\tOnline-Buchung\t\t\t\t\t<\/h3>\n\t\t\t\t\n\t\t\t\t\t\t\t\t\t<span class=\"elementor-cta__description elementor-cta__content-item elementor-content-item\">\n\t\t\t\t\t\t<p>Buchen Sie hier.<\/p>\n\t\t\t\t\t<\/span>\n\t\t\t\t\n\t\t\t\t\t\t\t<\/div>\n\t\t\t\t\t\t<\/a>\n\t\t\t\t\t\t<\/div>\n\t\t\t\t<\/div>\n\t\t\t\t<\/div>\n\t\t<div class=\"elementor-element elementor-element-0bae666 e-con-full e-flex e-con e-child\" data-id=\"0bae666\" data-element_type=\"container\" data-e-type=\"container\">\n\t\t\t\t<div class=\"elementor-element elementor-element-7be5d4f elementor-widget__width-inherit elementor-cta--valign-middle elementor-cta--skin-classic elementor-animated-content elementor-widget elementor-widget-call-to-action\" data-id=\"7be5d4f\" data-element_type=\"widget\" data-e-type=\"widget\" data-widget_type=\"call-to-action.default\">\n\t\t\t\t<div class=\"elementor-widget-container\">\n\t\t\t\t\t\t\t<a class=\"elementor-cta\" href=\"https:\/\/eastlog.com\/east-logistics\/\">\n\t\t\t\t\t\t\t<div class=\"elementor-cta__content\">\n\t\t\t\t\t\t\t\t\t<div class=\"elementor-content-item elementor-cta__content-item elementor-cta__image\">\n\t\t\t\t\t\t<img loading=\"lazy\" decoding=\"async\" width=\"121\" height=\"46\" src=\"https:\/\/eastlog.com\/wp-content\/uploads\/2024\/12\/icon-blue.svg\" class=\"attachment-full size-full wp-image-9574\" alt=\"\" \/>\t\t\t\t\t<\/div>\n\t\t\t\t\n\t\t\t\t\t\t\t\t\t<h3 class=\"elementor-cta__title elementor-cta__content-item elementor-content-item\">\n\t\t\t\t\t\tWerte\t\t\t\t\t<\/h3>\n\t\t\t\t\n\t\t\t\t\t\t\t\t\t<span class=\"elementor-cta__description elementor-cta__content-item elementor-content-item\">\n\t\t\t\t\t\t<p>Lesen Sie hier mehr \u00fcber unsere Werte.<\/p>\n\t\t\t\t\t<\/span>\n\t\t\t\t\n\t\t\t\t\t\t\t<\/div>\n\t\t\t\t\t\t<\/a>\n\t\t\t\t\t\t<\/div>\n\t\t\t\t<\/div>\n\t\t\t\t<\/div>\n\t\t\t\t\t<\/div>\n\t\t\t\t<\/div>\n\t\t<div class=\"elementor-element elementor-element-e5a4f85 e-con-full no-padding e-flex e-con e-parent\" data-id=\"e5a4f85\" data-element_type=\"container\" data-e-type=\"container\">\n\t\t\t\t<div class=\"elementor-element elementor-element-726d6fc6 elementor-widget elementor-widget-google_maps\" data-id=\"726d6fc6\" data-element_type=\"widget\" data-e-type=\"widget\" data-widget_type=\"google_maps.default\">\n\t\t\t\t<div class=\"elementor-widget-container\">\n\t\t\t\t\t\t\t<div class=\"elementor-custom-embed\">\n\t\t\t<iframe loading=\"lazy\"\n\t\t\t\t\tsrc=\"https:\/\/maps.google.com\/maps?q=Frankrigsvej%207%2C%204800%20Nyk%C3%B8bing%20Falster&#038;t=m&#038;z=10&#038;output=embed&#038;iwloc=near\"\n\t\t\t\t\ttitle=\"Frankrigsvej 7, 4800 Nyk\u00f8bing Falster\"\n\t\t\t\t\taria-label=\"Frankrigsvej 7, 4800 Nyk\u00f8bing Falster\"\n\t\t\t><\/iframe>\n\t\t<\/div>\n\t\t\t\t\t\t<\/div>\n\t\t\t\t<\/div>\n\t\t\t\t<\/div>\n\t\t<div class=\"elementor-element elementor-element-aa0bce4 e-con-full e-flex e-con e-parent\" data-id=\"aa0bce4\" data-element_type=\"container\" data-e-type=\"container\">\n\t\t\t\t<div class=\"elementor-element elementor-element-5af644d elementor-widget elementor-widget-template\" data-id=\"5af644d\" data-element_type=\"widget\" data-e-type=\"widget\" data-widget_type=\"template.default\">\n\t\t\t\t<div class=\"elementor-widget-container\">\n\t\t\t\t\t\t\t<div class=\"elementor-template\">\n\t\t\t\t\t<div data-elementor-type=\"container\" data-elementor-id=\"9358\" class=\"elementor elementor-9358\" data-elementor-post-type=\"elementor_library\">\n\t\t\t\t<div class=\"elementor-element elementor-element-71349688 e-con-full no-padding e-flex e-con e-parent\" data-id=\"71349688\" data-element_type=\"container\" data-e-type=\"container\">\n\t\t\t\t<div class=\"elementor-element elementor-element-7c141a27 elementor-widget elementor-widget-template\" data-id=\"7c141a27\" data-element_type=\"widget\" data-e-type=\"widget\" data-widget_type=\"template.default\">\n\t\t\t\t<div class=\"elementor-widget-container\">\n\t\t\t\t\t\t\t<div class=\"elementor-template\">\n\t\t\t\t\t<div data-elementor-type=\"container\" data-elementor-id=\"9684\" class=\"elementor elementor-9684 elementor-5165\" data-elementor-post-type=\"elementor_library\">\n\t\t\t\t<div class=\"elementor-element elementor-element-293089d overlay white e-flex e-con-boxed e-con e-parent\" data-id=\"293089d\" data-element_type=\"container\" data-e-type=\"container\" data-settings=\"{&quot;background_background&quot;:&quot;classic&quot;}\">\n\t\t\t\t\t<div class=\"e-con-inner\">\n\t\t\t\t<div class=\"elementor-element elementor-element-823bcac elementor-widget elementor-widget-heading\" data-id=\"823bcac\" data-element_type=\"widget\" data-e-type=\"widget\" data-widget_type=\"heading.default\">\n\t\t\t\t<div class=\"elementor-widget-container\">\n\t\t\t\t\t<h3 class=\"elementor-heading-title elementor-size-default\">Haben Sie ein spezielles Transportanliegen?<\/h3>\t\t\t\t<\/div>\n\t\t\t\t<\/div>\n\t\t\t\t<div class=\"elementor-element elementor-element-cb9870c elementor-widget__width-initial elementor-widget elementor-widget-text-editor\" data-id=\"cb9870c\" data-element_type=\"widget\" data-e-type=\"widget\" data-widget_type=\"text-editor.default\">\n\t\t\t\t<div class=\"elementor-widget-container\">\n\t\t\t\t\t\t\t\t\t<p><strong>Dann rufen Sie uns an unter <a href=\"tel:+45 54 84 55 00\" aria-label=\"Telefon nummer\">+45 54 84 55 00<\/a><\/strong><\/p>\n\t\t\t\t\t\t\t\t<\/div>\n\t\t\t\t<\/div>\n\t\t\t\t\t<\/div>\n\t\t\t\t<\/div>\n\t\t\t\t<\/div>\n\t\t\t\t<\/div>\n\t\t\t\t\t\t<\/div>\n\t\t\t\t<\/div>\n\t\t\t\t<\/div>\n\t\t\t\t<\/div>\n\t\t\t\t<\/div>\n\t\t\t\t\t\t<\/div>\n\t\t\t\t<\/div>\n\t\t\t\t<\/div>\n\t\t\t\t<\/div>\n\t\t","protected":false},"excerpt":{"rendered":"<p>Wir bringen Ihre G\u00fcter von A nach B sicher und termingerecht Rufen Sie uns an unter Was k\u00f6nnen wir anbieten? Erfahren Sie hier mehr dar\u00fcber, was wir f\u00fcr Sie tun k\u00f6nnen. Strassentransport Wir sichern Ihnen einen termingerechten Transport. Cross Trade und Projekt Ma\u00dfgeschneiderte L\u00f6sungen f\u00fcr komplexe Anforderungen. Seefracht und Luftfracht Wir verfolgen Ihren Transport von &#8230; <a title=\"Startseite\" class=\"read-more\" href=\"https:\/\/eastlog.com\/de\/\" aria-label=\"Mehr Informationen \u00fcber Startseite\">Weiterlesen &#8230;<\/a><\/p>\n","protected":false},"author":1,"featured_media":0,"parent":0,"menu_order":0,"comment_status":"closed","ping_status":"closed","template":"","meta":{"_acf_changed":false,"footnotes":""},"categories":[],"class_list":["post-9707","page","type-page","status-publish"],"acf":[],"yoast_head":"<!-- This site is optimized with the Yoast SEO plugin v26.8 - https:\/\/yoast.com\/product\/yoast-seo-wordpress\/ -->\n<title>Spediteur, Spedition, Stra\u00dfentransport und G\u00fcterverkehr | East Logistics ApS<\/title>\n<meta name=\"description\" content=\"Spediteur, Spedition, Stra\u00dfentransport und G\u00fcterverkehr. Kontaktieren Sie East Logistics ApS noch heute!\" \/>\n<meta name=\"robots\" content=\"index, follow, max-snippet:-1, max-image-preview:large, max-video-preview:-1\" \/>\n<link rel=\"canonical\" href=\"https:\/\/eastlog.com\/de\/\" \/>\n<meta property=\"og:locale\" content=\"de_DE\" \/>\n<meta property=\"og:type\" content=\"article\" \/>\n<meta property=\"og:title\" content=\"Spediteur, Spedition, Stra\u00dfentransport und G\u00fcterverkehr | East Logistics ApS\" \/>\n<meta property=\"og:description\" content=\"Spediteur, Spedition, Stra\u00dfentransport und G\u00fcterverkehr. Kontaktieren Sie East Logistics ApS noch heute!\" \/>\n<meta property=\"og:url\" content=\"https:\/\/eastlog.com\/de\/\" \/>\n<meta property=\"og:site_name\" content=\"East Logistics ApS\" \/>\n<meta property=\"article:modified_time\" content=\"2025-03-04T05:57:25+00:00\" \/>\n<meta property=\"og:image\" content=\"https:\/\/eastlog.com\/wp-content\/uploads\/2024\/12\/EL_Lastbil_optimized.png\" \/>\n<meta name=\"twitter:card\" content=\"summary_large_image\" \/>\n<script type=\"application\/ld+json\" class=\"yoast-schema-graph\">{\"@context\":\"https:\/\/schema.org\",\"@graph\":[{\"@type\":\"WebPage\",\"@id\":\"https:\/\/eastlog.com\/de\/\",\"url\":\"https:\/\/eastlog.com\/de\/\",\"name\":\"Spediteur, Spedition, Stra\u00dfentransport und G\u00fcterverkehr | East Logistics ApS\",\"isPartOf\":{\"@id\":\"https:\/\/eastlog.com\/de\/#website\"},\"primaryImageOfPage\":{\"@id\":\"https:\/\/eastlog.com\/de\/#primaryimage\"},\"image\":{\"@id\":\"https:\/\/eastlog.com\/de\/#primaryimage\"},\"thumbnailUrl\":\"https:\/\/eastlog.com\/wp-content\/uploads\/2024\/12\/EL_Lastbil_optimized.png\",\"datePublished\":\"2020-02-12T07:51:30+00:00\",\"dateModified\":\"2025-03-04T05:57:25+00:00\",\"description\":\"Spediteur, Spedition, Stra\u00dfentransport und G\u00fcterverkehr. Kontaktieren Sie East Logistics ApS noch heute!\",\"breadcrumb\":{\"@id\":\"https:\/\/eastlog.com\/de\/#breadcrumb\"},\"inLanguage\":\"de\",\"potentialAction\":[{\"@type\":\"ReadAction\",\"target\":[\"https:\/\/eastlog.com\/de\/\"]}]},{\"@type\":\"ImageObject\",\"inLanguage\":\"de\",\"@id\":\"https:\/\/eastlog.com\/de\/#primaryimage\",\"url\":\"https:\/\/eastlog.com\/wp-content\/uploads\/2024\/12\/EL_Lastbil_optimized.png\",\"contentUrl\":\"https:\/\/eastlog.com\/wp-content\/uploads\/2024\/12\/EL_Lastbil_optimized.png\"},{\"@type\":\"BreadcrumbList\",\"@id\":\"https:\/\/eastlog.com\/de\/#breadcrumb\",\"itemListElement\":[{\"@type\":\"ListItem\",\"position\":1,\"name\":\"Forside\",\"item\":\"https:\/\/eastlog.com\/de\/\"},{\"@type\":\"ListItem\",\"position\":2,\"name\":\"Startseite\"}]},{\"@type\":\"WebSite\",\"@id\":\"https:\/\/eastlog.com\/de\/#website\",\"url\":\"https:\/\/eastlog.com\/de\/\",\"name\":\"East Logistics ApS\",\"description\":\"Spediteur, Spedition, Stra\u00dfentransport und G\u00fcterverkehr\",\"publisher\":{\"@id\":\"https:\/\/eastlog.com\/de\/#organization\"},\"potentialAction\":[{\"@type\":\"SearchAction\",\"target\":{\"@type\":\"EntryPoint\",\"urlTemplate\":\"https:\/\/eastlog.com\/de\/?s={search_term_string}\"},\"query-input\":{\"@type\":\"PropertyValueSpecification\",\"valueRequired\":true,\"valueName\":\"search_term_string\"}}],\"inLanguage\":\"de\"},{\"@type\":\"Organization\",\"@id\":\"https:\/\/eastlog.com\/de\/#organization\",\"name\":\"East Logistics ApS\",\"url\":\"https:\/\/eastlog.com\/de\/\",\"logo\":{\"@type\":\"ImageObject\",\"inLanguage\":\"de\",\"@id\":\"https:\/\/eastlog.com\/de\/#\/schema\/logo\/image\/\",\"url\":\"https:\/\/eastlog.com\/wp-content\/uploads\/2024\/12\/logo.svg\",\"contentUrl\":\"https:\/\/eastlog.com\/wp-content\/uploads\/2024\/12\/logo.svg\",\"width\":743,\"height\":68,\"caption\":\"East Logistics ApS\"},\"image\":{\"@id\":\"https:\/\/eastlog.com\/de\/#\/schema\/logo\/image\/\"}}]}<\/script>\n<!-- \/ Yoast SEO plugin. -->","yoast_head_json":{"title":"Spediteur, Spedition, Stra\u00dfentransport und G\u00fcterverkehr | East Logistics ApS","description":"Spediteur, Spedition, Stra\u00dfentransport und G\u00fcterverkehr. Kontaktieren Sie East Logistics ApS noch heute!","robots":{"index":"index","follow":"follow","max-snippet":"max-snippet:-1","max-image-preview":"max-image-preview:large","max-video-preview":"max-video-preview:-1"},"canonical":"https:\/\/eastlog.com\/de\/","og_locale":"de_DE","og_type":"article","og_title":"Spediteur, Spedition, Stra\u00dfentransport und G\u00fcterverkehr | East Logistics ApS","og_description":"Spediteur, Spedition, Stra\u00dfentransport und G\u00fcterverkehr. Kontaktieren Sie East Logistics ApS noch heute!","og_url":"https:\/\/eastlog.com\/de\/","og_site_name":"East Logistics ApS","article_modified_time":"2025-03-04T05:57:25+00:00","og_image":[{"url":"https:\/\/eastlog.com\/wp-content\/uploads\/2024\/12\/EL_Lastbil_optimized.png","type":"","width":"","height":""}],"twitter_card":"summary_large_image","schema":{"@context":"https:\/\/schema.org","@graph":[{"@type":"WebPage","@id":"https:\/\/eastlog.com\/de\/","url":"https:\/\/eastlog.com\/de\/","name":"Spediteur, Spedition, Stra\u00dfentransport und G\u00fcterverkehr | East Logistics ApS","isPartOf":{"@id":"https:\/\/eastlog.com\/de\/#website"},"primaryImageOfPage":{"@id":"https:\/\/eastlog.com\/de\/#primaryimage"},"image":{"@id":"https:\/\/eastlog.com\/de\/#primaryimage"},"thumbnailUrl":"https:\/\/eastlog.com\/wp-content\/uploads\/2024\/12\/EL_Lastbil_optimized.png","datePublished":"2020-02-12T07:51:30+00:00","dateModified":"2025-03-04T05:57:25+00:00","description":"Spediteur, Spedition, Stra\u00dfentransport und G\u00fcterverkehr. Kontaktieren Sie East Logistics ApS noch heute!","breadcrumb":{"@id":"https:\/\/eastlog.com\/de\/#breadcrumb"},"inLanguage":"de","potentialAction":[{"@type":"ReadAction","target":["https:\/\/eastlog.com\/de\/"]}]},{"@type":"ImageObject","inLanguage":"de","@id":"https:\/\/eastlog.com\/de\/#primaryimage","url":"https:\/\/eastlog.com\/wp-content\/uploads\/2024\/12\/EL_Lastbil_optimized.png","contentUrl":"https:\/\/eastlog.com\/wp-content\/uploads\/2024\/12\/EL_Lastbil_optimized.png"},{"@type":"BreadcrumbList","@id":"https:\/\/eastlog.com\/de\/#breadcrumb","itemListElement":[{"@type":"ListItem","position":1,"name":"Forside","item":"https:\/\/eastlog.com\/de\/"},{"@type":"ListItem","position":2,"name":"Startseite"}]},{"@type":"WebSite","@id":"https:\/\/eastlog.com\/de\/#website","url":"https:\/\/eastlog.com\/de\/","name":"East Logistics ApS","description":"Spediteur, Spedition, Stra\u00dfentransport und G\u00fcterverkehr","publisher":{"@id":"https:\/\/eastlog.com\/de\/#organization"},"potentialAction":[{"@type":"SearchAction","target":{"@type":"EntryPoint","urlTemplate":"https:\/\/eastlog.com\/de\/?s={search_term_string}"},"query-input":{"@type":"PropertyValueSpecification","valueRequired":true,"valueName":"search_term_string"}}],"inLanguage":"de"},{"@type":"Organization","@id":"https:\/\/eastlog.com\/de\/#organization","name":"East Logistics ApS","url":"https:\/\/eastlog.com\/de\/","logo":{"@type":"ImageObject","inLanguage":"de","@id":"https:\/\/eastlog.com\/de\/#\/schema\/logo\/image\/","url":"https:\/\/eastlog.com\/wp-content\/uploads\/2024\/12\/logo.svg","contentUrl":"https:\/\/eastlog.com\/wp-content\/uploads\/2024\/12\/logo.svg","width":743,"height":68,"caption":"East Logistics ApS"},"image":{"@id":"https:\/\/eastlog.com\/de\/#\/schema\/logo\/image\/"}}]}},"_links":{"self":[{"href":"https:\/\/eastlog.com\/de\/wp-json\/wp\/v2\/pages\/9707","targetHints":{"allow":["GET"]}}],"collection":[{"href":"https:\/\/eastlog.com\/de\/wp-json\/wp\/v2\/pages"}],"about":[{"href":"https:\/\/eastlog.com\/de\/wp-json\/wp\/v2\/types\/page"}],"author":[{"embeddable":true,"href":"https:\/\/eastlog.com\/de\/wp-json\/wp\/v2\/users\/1"}],"replies":[{"embeddable":true,"href":"https:\/\/eastlog.com\/de\/wp-json\/wp\/v2\/comments?post=9707"}],"version-history":[{"count":1,"href":"https:\/\/eastlog.com\/de\/wp-json\/wp\/v2\/pages\/9707\/revisions"}],"predecessor-version":[{"id":9708,"href":"https:\/\/eastlog.com\/de\/wp-json\/wp\/v2\/pages\/9707\/revisions\/9708"}],"wp:attachment":[{"href":"https:\/\/eastlog.com\/de\/wp-json\/wp\/v2\/media?parent=9707"}],"wp:term":[{"taxonomy":"category","embeddable":true,"href":"https:\/\/eastlog.com\/de\/wp-json\/wp\/v2\/categories?post=9707"}],"curies":[{"name":"wp","href":"https:\/\/api.w.org\/{rel}","templated":true}]}}